{"id":7,"date":"2021-11-24T11:13:50","date_gmt":"2021-11-24T10:13:50","guid":{"rendered":"https:\/\/tep-limousin.fr\/?page_id=7"},"modified":"2026-01-21T10:27:36","modified_gmt":"2026-01-21T09:27:36","slug":"inscriptions-pour-les-tep-activites-de-la-forme-af","status":"publish","type":"page","link":"https:\/\/tep-limousin.fr\/","title":{"rendered":"Inscriptions pour les TEP BPJEPS APSF Activit\u00e9s de la Forme (AF)"},"content":{"rendered":"\t\t<div data-elementor-type=\"wp-page\" data-elementor-id=\"7\" class=\"elementor elementor-7\">\n\t\t\t\t\t\t<section class=\"elementor-section elementor-top-section elementor-element elementor-element-30ea7673 elementor-section-boxed elementor-section-height-default elementor-section-height-default\" data-id=\"30ea7673\" data-element_type=\"section\" data-e-type=\"section\">\n\t\t\t\t\t\t<div class=\"elementor-container elementor-column-gap-default\">\n\t\t\t\t\t<div class=\"elementor-column elementor-col-100 elementor-top-column elementor-element elementor-element-1bd42218\" data-id=\"1bd42218\" data-element_type=\"column\" data-e-type=\"column\">\n\t\t\t<div class=\"elementor-widget-wrap elementor-element-populated\">\n\t\t\t\t\t\t<div class=\"elementor-element elementor-element-43c6626d elementor-widget elementor-widget-text-editor\" data-id=\"43c6626d\" data-element_type=\"widget\" data-e-type=\"widget\" data-widget_type=\"text-editor.default\">\n\t\t\t\t<div class=\"elementor-widget-container\">\n\t\t\t\t\t\t\t\t\t<p><strong><span style=\"vertical-align: inherit;\"><span style=\"vertical-align: inherit;\"><span style=\"vertical-align: inherit;\"><span style=\"vertical-align: inherit;\"><span style=\"vertical-align: inherit;\"><span style=\"vertical-align: inherit;\"><span style=\"vertical-align: inherit;\"><span style=\"vertical-align: inherit;\">DATE LIMITE DES INSCRIPTIONS 15 JOURS AVANT LE JOUR DES TEP<\/span><\/span><\/span><\/span><\/span><\/span><\/span><\/span><\/strong><\/p>\n<p><!-- \/wp:paragraph --><\/p>\n<p><!-- wp:paragraph --><\/p>\n<p><span style=\"vertical-align: inherit;\"><span style=\"vertical-align: inherit;\"><span style=\"vertical-align: inherit;\"><span style=\"vertical-align: inherit;\"><span style=\"vertical-align: inherit;\"><span style=\"vertical-align: inherit;\"><span style=\"vertical-align: inherit;\"><span style=\"vertical-align: inherit;\">Informations sur les attentes tests physiques du BP JEPS APSF<\/span><\/span><\/span><\/span><\/span><\/span><\/span><\/span><\/p>\n<p><!-- \/wp:paragraph --><\/p>\t\t\t\t\t\t\t\t<\/div>\n\t\t\t\t<\/div>\n\t\t\t\t\t<\/div>\n\t\t<\/div>\n\t\t\t\t\t<\/div>\n\t\t<\/section>\n\t\t\t\t<section class=\"elementor-section elementor-top-section elementor-element elementor-element-1287a9d elementor-section-boxed elementor-section-height-default elementor-section-height-default\" data-id=\"1287a9d\" data-element_type=\"section\" data-e-type=\"section\">\n\t\t\t\t\t\t<div class=\"elementor-container elementor-column-gap-default\">\n\t\t\t\t\t<div class=\"elementor-column elementor-col-100 elementor-top-column elementor-element elementor-element-2167264\" data-id=\"2167264\" data-element_type=\"column\" data-e-type=\"column\">\n\t\t\t<div class=\"elementor-widget-wrap elementor-element-populated\">\n\t\t\t\t\t\t<div class=\"elementor-element elementor-element-93bcfd8 elementor-widget elementor-widget-shortcode\" data-id=\"93bcfd8\" data-element_type=\"widget\" data-e-type=\"widget\" data-widget_type=\"shortcode.default\">\n\t\t\t\t<div class=\"elementor-widget-container\">\n\t\t\t\t\t\t\t<div class=\"elementor-shortcode\">\n<div class=\"wpcf7 no-js\" id=\"wpcf7-f10-o1\" lang=\"fr-FR\" dir=\"ltr\" data-wpcf7-id=\"10\">\n<div class=\"screen-reader-response\"><p role=\"status\" aria-live=\"polite\" aria-atomic=\"true\"><\/p> <ul><\/ul><\/div>\n<form action=\"\/index.php?rest_route=%2Fwp%2Fv2%2Fpages%2F7#wpcf7-f10-o1\" method=\"post\" class=\"wpcf7-form init\" aria-label=\"Formulaire de contact\" novalidate=\"novalidate\" data-status=\"init\">\n<fieldset class=\"hidden-fields-container\"><input type=\"hidden\" name=\"_wpcf7\" value=\"10\" \/><input type=\"hidden\" name=\"_wpcf7_version\" value=\"6.1.4\" \/><input type=\"hidden\" name=\"_wpcf7_locale\" value=\"fr_FR\" \/><input type=\"hidden\" name=\"_wpcf7_unit_tag\" value=\"wpcf7-f10-o1\" \/><input type=\"hidden\" name=\"_wpcf7_container_post\" value=\"0\" \/><input type=\"hidden\" name=\"_wpcf7_posted_data_hash\" value=\"\" \/>\n<\/fieldset>\n<p><label> Votre nom:<br \/>\n<span class=\"wpcf7-form-control-wrap\" data-name=\"your-name\"><input size=\"40\" maxlength=\"400\" class=\"wpcf7-form-control wpcf7-text wpcf7-validates-as-required\" aria-required=\"true\" aria-invalid=\"false\" value=\"\" type=\"text\" name=\"your-name\" \/><\/span> <\/label>\n<\/p>\n<p><label> Votre pr\u00e9nom<br \/>\n<span class=\"wpcf7-form-control-wrap\" data-name=\"your-firstname\"><input size=\"40\" maxlength=\"400\" class=\"wpcf7-form-control wpcf7-text wpcf7-validates-as-required\" aria-required=\"true\" aria-invalid=\"false\" value=\"\" type=\"text\" name=\"your-firstname\" \/><\/span> <\/label>\n<\/p>\n<p><label> Votre date de naissance:<br \/>\n<span class=\"wpcf7-form-control-wrap\" data-name=\"Votredatedenaissance\"><input class=\"wpcf7-form-control wpcf7-date wpcf7-validates-as-required wpcf7-validates-as-date\" aria-required=\"true\" aria-invalid=\"false\" value=\"\" type=\"date\" name=\"Votredatedenaissance\" \/><\/span> <\/label>\n<\/p>\n<p><label> Votre adresse:<br \/>\n<span class=\"wpcf7-form-control-wrap\" data-name=\"text-159\"><input size=\"40\" maxlength=\"400\" class=\"wpcf7-form-control wpcf7-text wpcf7-validates-as-required\" aria-required=\"true\" aria-invalid=\"false\" value=\"\" type=\"text\" name=\"text-159\" \/><\/span> <\/label>\n<\/p>\n<p><label> Votre code postal:<br \/>\n<span class=\"wpcf7-form-control-wrap\" data-name=\"text-720\"><input size=\"40\" maxlength=\"400\" class=\"wpcf7-form-control wpcf7-text wpcf7-validates-as-required\" aria-required=\"true\" aria-invalid=\"false\" value=\"\" type=\"text\" name=\"text-720\" \/><\/span> <\/label>\n<\/p>\n<p><label> Votre ville:<br \/>\n<span class=\"wpcf7-form-control-wrap\" data-name=\"text-721\"><input size=\"40\" maxlength=\"400\" class=\"wpcf7-form-control wpcf7-text wpcf7-validates-as-required\" aria-required=\"true\" aria-invalid=\"false\" value=\"\" type=\"text\" name=\"text-721\" \/><\/span> <\/label>\n<\/p>\n<p><label> Votre num\u00e9ro de t\u00e9l\u00e9phone:<br \/>\n<span class=\"wpcf7-form-control-wrap\" data-name=\"tel-430\"><input size=\"40\" maxlength=\"400\" class=\"wpcf7-form-control wpcf7-tel wpcf7-validates-as-required wpcf7-text wpcf7-validates-as-tel\" aria-required=\"true\" aria-invalid=\"false\" value=\"\" type=\"tel\" name=\"tel-430\" \/><\/span> <\/label>\n<\/p>\n<p><label> Votre e-mail (Un e-mail de confirmation vous sera envoy\u00e9):<br \/>\n<span class=\"wpcf7-form-control-wrap\" data-name=\"email-877\"><input size=\"40\" maxlength=\"400\" class=\"wpcf7-form-control wpcf7-email wpcf7-validates-as-required wpcf7-text wpcf7-validates-as-email\" aria-required=\"true\" aria-invalid=\"false\" value=\"\" type=\"email\" name=\"email-877\" \/><\/span> <\/label>\n<\/p>\n<p><label>Date pour le BPJEPS APSF:<br \/>\n<span class=\"wpcf7-form-control-wrap\" data-name=\"menu-106\"><select class=\"wpcf7-form-control wpcf7-select wpcf7-validates-as-required\" aria-required=\"true\" aria-invalid=\"false\" name=\"menu-106\"><option value=\"12 mai 2026 \u00e0 Brive\">12 mai 2026 \u00e0 Brive<\/option><\/select><\/span><\/label>\n<\/p>\n<p><input class=\"wpcf7-form-control wpcf7-submit has-spinner\" type=\"submit\" value=\"Envoyer\" \/>\n<\/p><p style=\"display: none !important;\" class=\"akismet-fields-container\" data-prefix=\"_wpcf7_ak_\"><label>&#916;<textarea name=\"_wpcf7_ak_hp_textarea\" cols=\"45\" rows=\"8\" maxlength=\"100\"><\/textarea><\/label><input type=\"hidden\" id=\"ak_js_1\" name=\"_wpcf7_ak_js\" value=\"34\"\/><script>document.getElementById( \"ak_js_1\" ).setAttribute( \"value\", ( new Date() ).getTime() );<\/script><\/p><div class=\"wpcf7-response-output\" aria-hidden=\"true\"><\/div>\n<\/form>\n<\/div>\n<\/div>\n\t\t\t\t\t\t<\/div>\n\t\t\t\t<\/div>\n\t\t\t\t\t<\/div>\n\t\t<\/div>\n\t\t\t\t\t<\/div>\n\t\t<\/section>\n\t\t\t\t<section class=\"elementor-section elementor-top-section elementor-element elementor-element-dc132eb elementor-section-boxed elementor-section-height-default elementor-section-height-default\" data-id=\"dc132eb\" data-element_type=\"section\" data-e-type=\"section\">\n\t\t\t\t\t\t<div class=\"elementor-container elementor-column-gap-default\">\n\t\t\t\t\t<div class=\"elementor-column elementor-col-100 elementor-top-column elementor-element elementor-element-c1883b3\" data-id=\"c1883b3\" data-element_type=\"column\" data-e-type=\"column\">\n\t\t\t<div class=\"elementor-widget-wrap elementor-element-populated\">\n\t\t\t\t\t\t<div class=\"elementor-element elementor-element-e76635f elementor-widget elementor-widget-text-editor\" data-id=\"e76635f\" data-element_type=\"widget\" data-e-type=\"widget\" data-widget_type=\"text-editor.default\">\n\t\t\t\t<div class=\"elementor-widget-container\">\n\t\t\t\t\t\t\t\t\t<p>\u00a0<\/p>\n<p>\u00a0<\/p>\n<p><strong><u>Rappels des documents \u00e0 ramener le jour des TEP (obligatoire)<\/u><\/strong><\/p>\n<ol>\n<li><a href=\"http:\/\/www.tep-aquitaine.fr\/wp-content\/uploads\/2021\/01\/Certificat-me\u0301dical-vierge-.pdf\">Certificat me\u0301dical vierge<\/a>\u00a0<a href=\"http:\/\/www.tep-aquitaine.fr\/wp-content\/uploads\/2021\/01\/Certificat-me\u0301dical-vierge-.pdf\">T\u00e9l\u00e9charger<\/a><\/li>\n<li>Copie d\u2019une <strong>attestation de formation<\/strong> relative au secourisme (dispens\u00e9 en raison du COVID jusqu\u2019a FIN 2020)<\/li>\n<\/ol>\n<p>Liste ci-dessous\u00a0:<\/p>\n<p>\u2013 \u00ab pr\u00e9vention et secours civiques de niveau 1 \u00bb (PSC1) ou \u00ab attestation de formation aux premiers secours \u00bb (AFPS) ;<\/p>\n<p>\u2013 \u00ab premiers secours en \u00e9quipe de niveau 1 \u00bb (PSE 1) en cours de validit\u00e9 ;<\/p>\n<p>\u2013 \u00ab premiers secours en \u00e9quipe de niveau 2 \u00bb (PSE 2) en cours de validit\u00e9 ;<\/p>\n<p>\u2013 \u00ab attestation de formation aux gestes et soins d\u2019urgence \u00bb (AFGSU) de niveau 1 ou de niveau 2 en cours de validit\u00e9 ;<\/p>\n<p>\u2013 \u00ab certificat de sauveteur secouriste du travail \u00bb (SST) \u00bb en cours de validit\u00e9.<\/p>\n<ol start=\"3\">\n<li>Photocopie carte d\u2019identit\u00e9<\/li>\n<li>La somme de 50\u20ac en AF<\/li>\n<\/ol>\t\t\t\t\t\t\t\t<\/div>\n\t\t\t\t<\/div>\n\t\t\t\t\t<\/div>\n\t\t<\/div>\n\t\t\t\t\t<\/div>\n\t\t<\/section>\n\t\t\t\t<\/div>\n\t\t","protected":false},"excerpt":{"rendered":"<p>DATE LIMITE DES INSCRIPTIONS 15 JOURS AVANT LE JOUR DES TEP Informations sur les attentes tests physiques du BP JEPS APSF \u00a0 \u00a0 Rappels des documents \u00e0 ramener le jour des TEP (obligatoire) Certificat me\u0301dical vierge\u00a0T\u00e9l\u00e9charger Copie d\u2019une attestation de formation relative au secourisme (dispens\u00e9 en raison du COVID jusqu\u2019a FIN 2020) Liste ci-dessous\u00a0: \u2013&hellip;<\/p>\n","protected":false},"author":1,"featured_media":0,"parent":0,"menu_order":0,"comment_status":"closed","ping_status":"closed","template":"","meta":{"footnotes":""},"class_list":["post-7","page","type-page","status-publish","hentry"],"_links":{"self":[{"href":"https:\/\/tep-limousin.fr\/index.php?rest_route=\/wp\/v2\/pages\/7","targetHints":{"allow":["GET"]}}],"collection":[{"href":"https:\/\/tep-limousin.fr\/index.php?rest_route=\/wp\/v2\/pages"}],"about":[{"href":"https:\/\/tep-limousin.fr\/index.php?rest_route=\/wp\/v2\/types\/page"}],"author":[{"embeddable":true,"href":"https:\/\/tep-limousin.fr\/index.php?rest_route=\/wp\/v2\/users\/1"}],"replies":[{"embeddable":true,"href":"https:\/\/tep-limousin.fr\/index.php?rest_route=%2Fwp%2Fv2%2Fcomments&post=7"}],"version-history":[{"count":32,"href":"https:\/\/tep-limousin.fr\/index.php?rest_route=\/wp\/v2\/pages\/7\/revisions"}],"predecessor-version":[{"id":64,"href":"https:\/\/tep-limousin.fr\/index.php?rest_route=\/wp\/v2\/pages\/7\/revisions\/64"}],"wp:attachment":[{"href":"https:\/\/tep-limousin.fr\/index.php?rest_route=%2Fwp%2Fv2%2Fmedia&parent=7"}],"curies":[{"name":"wp","href":"https:\/\/api.w.org\/{rel}","templated":true}]}}